{"id":446,"date":"2020-07-28T10:50:14","date_gmt":"2020-07-28T10:50:14","guid":{"rendered":"http:\/\/www.allositeinternet.com\/agence-web\/?page_id=446"},"modified":"2021-01-02T10:54:57","modified_gmt":"2021-01-02T10:54:57","slug":"conditions-generales-de-vente","status":"publish","type":"page","link":"https:\/\/www.allositeinternet.com\/agence-web\/?page_id=446","title":{"rendered":"Conditions g\u00e9n\u00e9rales de vente"},"content":{"rendered":"\n  <div id=\"page-header-1356435318\" class=\"page-header-wrapper\">\n  <div class=\"page-title dark featured-title\">\n\n        <div class=\"page-title-bg\">\n      <div class=\"title-bg fill bg-fill\"\n        data-parallax-container=\".page-title\"\n        data-parallax-background\n        data-parallax=\"-\">\n      <\/div>\n      <div class=\"title-overlay fill\"><\/div>\n    <\/div>\n    \n    <div class=\"page-title-inner container align-center text-center flex-row-col medium-flex-wrap\" >\n              <div class=\"title-wrapper uppercase flex-col\">\n          <h1 class=\"entry-title mb-0\">\n            Conditions g\u00e9n\u00e9rales de vente          <\/h1>\n        <\/div>\n                    <div class=\"title-content flex-col\">\n        <div class=\"title-share pt-half pb-half\"><div class=\"social-icons share-icons share-row relative\" ><a href=\"whatsapp:\/\/send?text=Conditions%20g%C3%A9n%C3%A9rales%20de%20vente - https:\/\/www.allositeinternet.com\/agence-web\/?page_id=446\" data-action=\"share\/whatsapp\/share\" class=\"icon button circle is-outline tooltip whatsapp show-for-medium\" title=\"Share on WhatsApp\" aria-label=\"Share on WhatsApp\"><i class=\"icon-whatsapp\"><\/i><\/a><a href=\"https:\/\/www.facebook.com\/sharer.php?u=https:\/\/www.allositeinternet.com\/agence-web\/?page_id=446\" data-label=\"Facebook\" onclick=\"window.open(this.href,this.title,'width=500,height=500,top=300px,left=300px');  return false;\" rel=\"noopener noreferrer nofollow\" target=\"_blank\" class=\"icon button circle is-outline tooltip facebook\" title=\"Partager sur Facebook\" aria-label=\"Partager sur Facebook\"><i class=\"icon-facebook\" ><\/i><\/a><a href=\"https:\/\/twitter.com\/share?url=https:\/\/www.allositeinternet.com\/agence-web\/?page_id=446\" onclick=\"window.open(this.href,this.title,'width=500,height=500,top=300px,left=300px');  return false;\" rel=\"noopener noreferrer nofollow\" target=\"_blank\" class=\"icon button circle is-outline tooltip twitter\" title=\"Partager sur Twitter\" aria-label=\"Partager sur Twitter\"><i class=\"icon-twitter\" ><\/i><\/a><a href=\"mailto:enteryour@addresshere.com?subject=Conditions%20g%C3%A9n%C3%A9rales%20de%20vente&amp;body=Check%20this%20out:%20https:\/\/www.allositeinternet.com\/agence-web\/?page_id=446\" rel=\"nofollow\" class=\"icon button circle is-outline tooltip email\" title=\"Envoyer par mail\" aria-label=\"Envoyer par mail\"><i class=\"icon-envelop\" ><\/i><\/a><a href=\"https:\/\/pinterest.com\/pin\/create\/button\/?url=https:\/\/www.allositeinternet.com\/agence-web\/?page_id=446&amp;media=&amp;description=Conditions%20g%C3%A9n%C3%A9rales%20de%20vente\" onclick=\"window.open(this.href,this.title,'width=500,height=500,top=300px,left=300px');  return false;\" rel=\"noopener noreferrer nofollow\" target=\"_blank\" class=\"icon button circle is-outline tooltip pinterest\" title=\"Epingler sur Pinterest\" aria-label=\"Epingler sur Pinterest\"><i class=\"icon-pinterest\" ><\/i><\/a><a href=\"https:\/\/www.linkedin.com\/shareArticle?mini=true&url=https:\/\/www.allositeinternet.com\/agence-web\/?page_id=446&title=Conditions%20g%C3%A9n%C3%A9rales%20de%20vente\" onclick=\"window.open(this.href,this.title,'width=500,height=500,top=300px,left=300px');  return false;\"  rel=\"noopener noreferrer nofollow\" target=\"_blank\" class=\"icon button circle is-outline tooltip linkedin\" title=\"Share on LinkedIn\" aria-label=\"Share on LinkedIn\"><i class=\"icon-linkedin\" ><\/i><\/a><\/div><\/div>      <\/div>\n    <\/div>\n\n     \n<style>\n#page-header-1356435318 {\n  margin-bottom: 0px;\n}\n#page-header-1356435318 .title-bg {\n  background-image: url(https:\/\/www.allositeinternet.com\/agence-web\/wp-content\/uploads\/2020\/08\/devis-site-web-en-ligne.jpg);\n}\n<\/style>\n  <\/div>\n    <\/div>\n  \n\n<div class=\"row\"  id=\"row-1643024006\">\n\n\n\t<div id=\"col-255198945\" class=\"col small-12 large-12\"  >\n\t\t\t\t<div class=\"col-inner\"  >\n\t\t\t\n\t\t\t\n\n<p style=\"margin-top:20px;\">Merci de lire attentivement les pr\u00e9sentes conditions g&eacute;n&eacute;rales de vente du pr\u00e9sent site avant de commander un des services propos\u00e9 sur le site allositeinternet.com. En achetant un service sur ce site, vous acceptez sans r\u00e9serve les pr\u00e9sentes modalit\u00e9s.<\/p>\n<p><center><\/p>\n<h2>Conditions g\u00e9n\u00e9rales de prestation de services<\/h2>\n<p><\/center><\/p>\n<p style=\"text-align:justify;\">Les pr\u00e9sentes conditions g\u00e9n\u00e9rales d\u2019ex\u00e9cution des prestations (ci-apr\u00e8s \u00ab les conditions g\u00e9n\u00e9rales \u00bb) s\u2019appliquent aux divers travaux, prestations et services (ci apr\u00e8s \u00ab les Prestations \u00bb) rendus au titre des engagements accept\u00e9s par le Prestataire. <\/p>\n<h4>REMUNERATION<\/h4>\n<p style=\"text-align:justify;\">Sauf convention contraire, les honoraires du Prestataire sont \u00e9tablis en fonction du nombre et de l\u2019exp\u00e9rience du personnel requis, du niveau de comp\u00e9tence et de responsabilit\u00e9 n\u00e9cessaire ; les taux horaires sont r\u00e9vis\u00e9s p\u00e9riodiquement. Seront \u00e9galement factur\u00e9s, s\u2019il y a lieu, les frais de d\u00e9placement, de subsistance et d\u2019h\u00e9bergement engag\u00e9s pour l\u2019ex\u00e9cution des prestations. La TVA au taux en vigueur s\u2019ajoute, le cas \u00e9ch\u00e9ant, aux honoraires et d\u00e9bours. <\/p>\n<p style=\"text-align:justify;\">Tout montant d\u2019honoraires convenu entre le Prestataire et le Client implique n\u00e9cessairement l\u2019ex\u00e9cution par le Client des obligations mentionn\u00e9es ci-apr\u00e8s. <\/p>\n<p style=\"text-align:justify;\">Les retards ou autres probl\u00e8mes impr\u00e9vus, dont le Prestataire n\u2019a pas la ma\u00eetrise et qui \u00e9chappent \u00e0 son contr\u00f4le, peuvent entra\u00eener des honoraires suppl\u00e9mentaires susceptibles de faire l\u2019objet d\u2019une facturation compl\u00e9mentaire. Le Prestataire s\u2019engage \u00e0 informer Le Client de ces retards et\/ou probl\u00e8mes d\u00e8s qu\u2019ils surviendront afin de pouvoir en \u00e9valuer les cons\u00e9quences avec lui. <\/p>\n<p style=\"text-align:justify;\">Des factures seront \u00e9mises correspondant aux prestations fournies et aux d\u00e9bours engag\u00e9s par provision et au fur et \u00e0 mesure de leur r\u00e9alisation. Sauf convention contraire, les factures sont \u00e9mises chaque mois. Le r\u00e8glement des factures est exigible d\u00e8s r\u00e9ception. <\/p>\n<p style=\"text-align:justify;\">Conform\u00e9ment \u00e0 la loi, tout retard de paiement oblige le Prestataire \u00e0 facturer des int\u00e9r\u00eats de retard au taux de < TAUX >fois celui de l\u2019int\u00e9r\u00eat l\u00e9gal ; au surplus, le Prestataire sera fond\u00e9 \u00e0 suspendre l\u2019ex\u00e9cution des prestations jusqu\u2019\u00e0 r\u00e8glement complet de la facture impay\u00e9e sans que cette inex\u00e9cution puisse \u00eatre consid\u00e9r\u00e9e comme lui \u00e9tant imputable. <\/p>\n<h4>OBLIGATIONS DU PRESTATAIRE<\/h4>\n<p style=\"text-align:justify;\">Les engagements du Prestataire constituent une obligation de moyens au terme de laquelle les Prestations seront ex\u00e9cut\u00e9es dans le strict respect des r\u00e8gles professionnelles en usage ainsi, le cas \u00e9ch\u00e9ant, que conform\u00e9ment aux conditions du contrat. Pour ce faire, le Prestataire affectera \u00e0 l\u2019ex\u00e9cution des Prestations les professionnels dot\u00e9s des comp\u00e9tences requises pour assurer leur r\u00e9alisation conform\u00e9ment \u00e0 ses standards de qualit\u00e9. <\/p>\n<h4>OBLIGATIONS DU CLIENT<\/h4>\n<p style=\"text-align:justify;\">Afin de faciliter la bonne ex\u00e9cution des Prestations, le Client s\u2019engage :<br \/>\n\u2013 \u00e0 fournir au Prestataire des informations et documents complets, exacts et dans les d\u00e9lais n\u00e9cessaires sans qu\u2019il soit tenu d\u2019en v\u00e9rifier le caract\u00e8re complet ou l\u2019exactitude, <br \/>\n\u2013 \u00e0 prendre les d\u00e9cisions dans les d\u00e9lais et d\u2019obtenir les approbations hi\u00e9rarchiques n\u00e9cessaires,<br \/>\n\u2013 \u00e0 d\u00e9signer un correspondant investi d\u2019un pouvoir de d\u00e9cision, <br \/>\n\u2013 \u00e0 faire en sorte que les interlocuteurs cl\u00e9 et le correspondant soient disponibles tout au long de l\u2019ex\u00e9cution des Prestations, <br \/>\n\u2013 \u00e0 avertir directement le Prestataire de toute difficult\u00e9 \u00e9ventuelle relative \u00e0 l\u2019ex\u00e9cution des Prestations. <\/p>\n<h4>PERSONNEL DU PRESTATAIRE<\/h4>\n<p style=\"text-align:justify;\">En vertu de l\u2019autorit\u00e9 hi\u00e9rarchique et disciplinaire qu\u2019il exerce \u00e0 titre exclusif sur son personnel, celui-ci restera plac\u00e9 sous notre contr\u00f4le effectif durant la compl\u00e8te ex\u00e9cution des Prestations. <\/p>\n<p style=\"text-align:justify;\">En cas d\u2019intervention dans les locaux du Client, le Prestataire s\u2019engage \u00e0 respecter les obligations en mati\u00e8re d\u2019hygi\u00e8ne et de s\u00e9curit\u00e9 dont le Client lui communiquera la teneur, sous r\u00e9serve que son personnel se voit accorder une protection identique \u00e0 celle que accord\u00e9e aux employ\u00e9s du Prestataire. <\/p>\n<p style=\"text-align:justify;\">Le Prestataire garantit la r\u00e9gularit\u00e9 de la situation de son personnel au regard des articles L.1221-10 et suivants et L. 3243-1 et suivants Code du Travail. Le Prestataire certifie en outre \u00eatre en conformit\u00e9 avec les dispositions des articles L. 8221-1 et L. 8221-2 du Code du Travail, relatifs \u00e0 la lutte contre le travail dissimul\u00e9, ainsi qu\u2019avec les dispositions du Livre III Titre IV du Code du Travail. <\/p>\n<p style=\"text-align:justify;\">Pendant la dur\u00e9e des Prestations et pendant une p\u00e9riode d\u2019un an apr\u00e8s son ach\u00e8vement, le Client s\u2019engage \u00e0 ne pas solliciter ou tenter de d\u00e9baucher (ou aider quelconque autre personne \u00e0 solliciter ou tenter de d\u00e9baucher) un quelconque collaborateur du Prestataire avec lequel il aura eu des contacts dans le cadre de l\u2019ex\u00e9cution des Prestations. En cas de violation, le Client sera redevable envers le Prestataire, \u00e0 titre de clause p\u00e9nale d\u2019une indemnit\u00e9 \u00e9gale \u00e0 un an du dernier salaire brut de la personne ainsi d\u00e9bauch\u00e9e. <\/p>\n<h4>INFORMATION ET CONFIDENTIALITE<\/h4>\n<p style=\"text-align:justify;\">Le Prestataire est assujetti \u00e0 une obligation l\u00e9gale de secret professionnel. <\/p>\n<p style=\"text-align:justify;\">Chacune des parties s\u2019engage \u00e0 ne pas divulguer les informations confidentielles re\u00e7ues de l\u2019autre partie. Les informations confidentielles s\u2019entendent des informations de toute nature, visuelles ou orales, sur quelque support que ce soit, relatives \u00e0 la structure, l\u2019organisation, les affaires, les politiques internes diverses, les projets et le personnel de chacune des parties. Sous r\u00e9serve des exceptions vis\u00e9es ci-apr\u00e8s, la pr\u00e9sente obligation de confidentialit\u00e9 produira ses effets pendant une dur\u00e9e de deux ans suivant le terme des Prestations. Ont \u00e9galement un caract\u00e8re confidentiel, le contenu des Prestations ainsi que les rapports, courriers, informations, notes, devis, fournis par le Prestataire au cours de l\u2019ex\u00e9cution des prestations. Ces documents sont communiqu\u00e9s au Client pour un usage strictement interne et \u00e0 la condition de ne pas les divulguer \u00e0 des tiers ni de les annexer \u00e0 un document qu\u2019il serait amen\u00e9 \u00e0 produire. Si le Client souhaite que tout ou partie de ces documents soient divulgu\u00e9s \u00e0\/ou utilis\u00e9s par un tiers, il doit en demander l\u2019autorisation pr\u00e9alable par \u00e9crit au Prestataire. Des modalit\u00e9s applicables \u00e0 cette divulgation seront alors fix\u00e9es. <\/p>\n<p style=\"text-align:justify;\">Les obligations et restrictions \u00e9nonc\u00e9es ci-dessus ne s\u2019appliquent pas : <br \/>\n\u2013 aux informations confidentielles qui appartiennent au domaine public, ou ont \u00e9t\u00e9 acquises librement avant le d\u00e9but de la Prestation, <br \/>\n\u2013 sont ou deviennent connues autrement qu\u2019\u00e0 la suite d\u2019une violation du pr\u00e9sent article, <br \/>\n\u2013 sont ou deviennent connues gr\u00e2ce \u00e0 d\u2019autres sources non tenues \u00e0 une restriction de divulgation, <br \/>\n\u2013 ou doivent \u00eatre communiqu\u00e9es en vertu d\u2019une obligation l\u00e9gale ou professionnelle ou \u00e0 la demande de toute autorit\u00e9 judiciaire ou r\u00e9glementaire habilit\u00e9e \u00e0 exiger la divulgation des informations confidentielles. <\/p>\n<p style=\"text-align:justify;\">Sous r\u00e9serve de ses obligations en mati\u00e8re de confidentialit\u00e9, le Prestataire se r\u00e9serve le droit d\u2019ex\u00e9cuter des Prestations pour des entreprises concurrentes de celle du Client. <\/p>\n<p style=\"text-align:justify;\">Le Client reconna\u00eet et accepte : <br \/>\n\u2013 que les parties pourront sauf demande expresse contraire de l\u2019autre partie, correspondre ou transf\u00e9rer des documents par courrier \u00e9lectronique circulant sur le r\u00e9seau internet ; <br \/>\n\u2013 qu\u2019aucune des parties n\u2019exerce de ma\u00eetrise sur la capacit\u00e9, la fiabilit\u00e9, l\u2019acc\u00e8s ou la s\u00e9curit\u00e9 des ces courriers \u00e9lectronique, <br \/>\n\u2013 que le Prestataire ne saura \u00eatre tenu pour responsables de toute perte, dommage, frais ou pr\u00e9judice occasionn\u00e9s par la perte, le retard, l\u2019interception, le d\u00e9tournement ou l\u2019alt\u00e9ration de tout courrier \u00e9lectronique caus\u00e9s par un fait quelconque. De fa\u00e7on g\u00e9n\u00e9rale, les parties s\u2019engagent \u00e0 respecter la r\u00e9glementation applicable \u00e0 la protection des donn\u00e9es personnelles et notamment les dispositions les dispositions de la loi 78-17 du 6 janvier 1978 relative \u00e0 l\u2019informatique, aux fichiers et aux libert\u00e9s. <\/p>\n<h4>PROPRIETE INTELLECTUELLE<\/h4>\n<p style=\"text-align:justify;\">Au cas o\u00f9 l\u2019une des recommandations du Prestataire ou l\u2019utilisation d\u2019\u00e9l\u00e9ments livr\u00e9s \u00e0 la suite de l\u2019une de ses pr\u00e9conisations impliquerait l\u2019utilisation de biens faisant l\u2019objet de droits de propri\u00e9t\u00e9 intellectuelle appartenant \u00e0 des tiers, le Prestataire informera le Client de l\u2019existence de ces droits et des cons\u00e9quences de leur utilisation. Il appartiendra alors au Client et sous sa seule responsabilit\u00e9 de prendre toute mesure permettant l\u2019utilisation de tels droits, notamment en n\u00e9gociant pour son propre compte les droits d\u2019utilisation dans des conditions telles que le Prestataire soit en mesure de s\u2019en pr\u00e9valoir pour les besoins des Prestations. <\/p>\n<p style=\"text-align:justify;\">Pour les besoins propres des Prestations, le Prestataire pourra utiliser ou d\u00e9velopper des logiciels, y compris des feuilles de calculs, des documents, des bases de donn\u00e9es et d\u2019autres outils informatiques. <\/p>\n<p style=\"text-align:justify;\">Dans certains cas, ces aides peuvent \u00eatre mises \u00e0 la disposition du Client et sur sa demande. Dans la mesure o\u00f9 ces outils ont \u00e9t\u00e9 d\u00e9velopp\u00e9s sp\u00e9cifiquement pour les besoins du Prestataire et sans consid\u00e9ration des besoins propres du Client, ceux-ci sont mis \u00e0 disposition du Client pendant la dur\u00e9e du contrat en l\u2019\u00e9tat et sans aucune garantie attach\u00e9e, \u00e0 simple destination d\u2019usage ; ils ne devront \u00eatre distribu\u00e9s, partag\u00e9s ou communiqu\u00e9s \u00e0 des tiers que ce soit en tout ou partie. Cette mise \u00e0 disposition temporaire n\u2019emportera aucune cession de droits ni garantie, quel qu\u2019en soit le titre, au b\u00e9n\u00e9fice du Client ou celui du tiers. <\/p>\n<p style=\"text-align:justify;\">Le Prestataire se r\u00e9serve tout droit, titre et int\u00e9r\u00eat sur :<br \/>\n&#8211;\tles \u00e9l\u00e9ments originaux figurant dans les travaux, documents, m\u00e9mos, consultations, avis, conclusions ou autres actes de proc\u00e9dure, etc., r\u00e9alis\u00e9s dans le cadre des Prestations, y compris de fa\u00e7on non limitative, tout droit d\u2019auteur, marque d\u00e9pos\u00e9e et tout autre droit de propri\u00e9t\u00e9 intellectuelle s\u2019y rapportant,<br \/>\n&#8211;\ttoutes les m\u00e9thodes, processus, techniques, d\u00e9veloppements, et savoir-faire incorpor\u00e9s ou non des Prestations ou que le Prestataire seraient amen\u00e9s \u00e0 d\u00e9velopper ou \u00e0 fournir dans le cadre des Prestations. <\/p>\n<p style=\"text-align:justify;\">Le Client pourra, sans limitation g\u00e9ographique, \u00e0 titre gratuit et irr\u00e9vocable, utiliser de mani\u00e8re interne et pour la dur\u00e9e de protection par le droit d\u2019auteur, les \u00e9l\u00e9ments con\u00e7us par le Prestataire et int\u00e9gr\u00e9s dans ses travaux. Le Client s\u2019interdit de distribuer, commercialiser, et plus g\u00e9n\u00e9ralement de mettre \u00e0 disposition ou de conc\u00e9der l\u2019utilisation de ces m\u00eames r\u00e9alisations et plus g\u00e9n\u00e9ralement de conc\u00e9der l\u2019utilisation de ces m\u00eames \u00e9l\u00e9ments \u00e0 des tiers sans l\u2019accord du Prestataire. <\/p>\n<p style=\"text-align:justify;\">Aucune partie ne pourra faire mention ou usage du nom, de la d\u00e9nomination, des marques et logos ou autres appellations, commerciales ou non, de l\u2019autre Partie sans accord pr\u00e9alable et \u00e9crit de cette derni\u00e8re. Par d\u00e9rogation \u00e0 ce qui pr\u00e9c\u00e8de, le Prestataire pourra faire usage du nom, de la d\u00e9nomination, des marques et logos du Client en cours de contrat dans la mesure de ce qui est strictement n\u00e9cessaire \u00e0 l\u2019ex\u00e9cution des prestations, y compris dans des propositions de prestations ult\u00e9rieures. Par ailleurs, le Client autorise le Prestataire, \u00e0 l\u2019issue de la r\u00e9alisation des prestations, \u00e0 citer son nom\/d\u00e9nomination \u00e0 titre de r\u00e9f\u00e9rence et accompagner cette citation, le cas \u00e9ch\u00e9ant, d\u2019une description g\u00e9n\u00e9rique des Prestations effectu\u00e9s. <\/p>\n<h4>DOCUMENTS<\/h4>\n<p style=\"text-align:justify;\">Le Prestataire conservera les documents originaux qui lui auront \u00e9t\u00e9 remis, et les restituera au Client, sur sa demande. Tous les documents, donn\u00e9es ou informations, que le Client aura fournies, resteront sa propri\u00e9t\u00e9. <\/p>\n<p style=\"text-align:justify;\">Le Prestataire conservera une copie des seuls documents n\u00e9cessaires \u00e0 la constitution de ses dossiers de travail. <\/p>\n<p style=\"text-align:justify;\">Les documents de travail pr\u00e9par\u00e9s dans le cadre des Prestations sont notre propri\u00e9t\u00e9 et sont couverts par le secret professionnel. <\/p>\n<h4>CONFLITS D\u2019INTERETS &#8211; INDEPENDANCE<\/h4>\n<p style=\"text-align:justify;\">Dans l\u2019hypoth\u00e8se o\u00f9 un conflit d\u2019int\u00e9r\u00eat ou une probl\u00e9matique d\u2019ind\u00e9pendance surviendrait au cours de l\u2019ex\u00e9cution des Prestations, le Prestataire en fera part imm\u00e9diatement au Client et recherchera avec lui la solution la plus adapt\u00e9e \u00e0 la situation dans le respect des r\u00e8gles applicables. Plus particuli\u00e8rement, si une modification de la r\u00e9glementation ou des normes professionnelles interdisait au Prestataire de poursuivre ses Prestations, il mettra \u00e0 la disposition du Client le r\u00e9sultat des Prestations ainsi que tous documents n\u00e9cessaires \u00e0 leur finalisation, y compris ses Documents en l\u2019\u00e9tat, et ce afin d\u2019en faciliter la poursuite par un tiers. <\/p>\n<h4>LIMITATION DE RESPONSABILITE<\/h4>\n<p style=\"text-align:justify;\">L\u2019enti\u00e8re responsabilit\u00e9 du Prestataire et celle de ses collaborateurs relative \u00e0 tout manquement, n\u00e9gligence ou faute, relev\u00e9 \u00e0 l\u2019occasion de l\u2019ex\u00e9cution des Prestations, sera plafonn\u00e9e au montant des honoraires vers\u00e9s au titre des Prestations mis en cause, afin de couvrir les r\u00e9clamations de toute nature (int\u00e9r\u00eats et frais inclus) et ce, quel que soit le nombre d\u2019actions, de fondements invoqu\u00e9s, ou de parties aux litiges. <\/p>\n<p style=\"text-align:justify;\">Cette stipulation ne s\u2019appliquera pas \u00e0 une responsabilit\u00e9 pour d\u00e9c\u00e8s ou blessure corporelle, ni \u00e0 toute autre responsabilit\u00e9 que la loi interdit d\u2019exclure ou de limiter. <\/p>\n<p style=\"text-align:justify;\">Par ailleurs, la responsabilit\u00e9 du Prestataire ne pourra \u00eatre engag\u00e9e dans les cas suivants : <br \/>\n\u2013 suite \u00e0 un manquement ou \u00e0 une carence d\u2019un produit ou d\u2019un service dont la fourniture ou la livraison ne lui incombe pas ni \u00e0 ses sous-traitants \u00e9ventuels, <br \/>\n\u2013 pour les faits et\/ou donn\u00e9es qui n\u2019entre pas dans le p\u00e9rim\u00e8tre des Prestations et\/ou qui n\u2019en sont pas le prolongement, <br \/>\n\u2013 en cas d\u2019utilisation des r\u00e9sultats des Prestations, pour un objet ou dans un contexte diff\u00e9rent de celui dans lequel il est intervenu, de mise en \u0153uvre erron\u00e9e des recommandations ou d\u2019absence de prise en compte des r\u00e9serves du Prestataire. <\/p>\n<p style=\"text-align:justify;\">Le Prestataire ne r\u00e9pond ni ses assureurs ni des dommages indirects, ni du manque \u00e0 gagner ou de la perte de chance ou de b\u00e9n\u00e9fices escompt\u00e9s, ni des cons\u00e9quences financi\u00e8res des actions \u00e9ventuellement intent\u00e9es par des tiers \u00e0 l\u2019encontre du Client. <\/p>\n<h4>CESSIBILITE \u2013 SOUS-TRAITANCE<\/h4>\n<p style=\"text-align:justify;\">Le Prestataire se r\u00e9serve le droit de c\u00e9der tout ou partie de l\u2019ex\u00e9cution des Prestations \u00e0 des Prestataires r\u00e9pondant aux m\u00eames exigences de qualification. <\/p>\n<p style=\"text-align:justify;\">Si la Prestation requiert des comp\u00e9tences techniques particuli\u00e8res, le Prestataire informera le Client sur la possibilit\u00e9 d\u2019en sous-traiter une partie. Le sous-traitant interviendra alors sous la seule responsabilit\u00e9 du Prestataire et s\u2019engagera \u00e0 conserver confidentielles toutes les informations dont il aura connaissance \u00e0 l\u2019occasion des prestations. <\/p>\n<h4>RECLAMATIONS<\/h4>\n<p style=\"text-align:justify;\">Toutes les r\u00e9clamations, qu\u2019elles soient amiables ou judiciaires, relatives \u00e0 l\u2019ex\u00e9cution des Prestations devront \u00eatre formul\u00e9es dans un d\u00e9lai d\u2019une ann\u00e9e \u00e0 compter de la fin de la r\u00e9alisation de la Prestation. <\/p>\n<h4>INDEPENDANCE<\/h4>\n<p style=\"text-align:justify;\">L\u2019ex\u00e9cution des Prestations n\u2019entra\u00eene en aucun cas la cr\u00e9ation entre le Client et le Prestataire d\u2019une relation de mandat ou de soci\u00e9t\u00e9 de fait. Aucune des parties n\u2019est habilit\u00e9e \u00e0 engager ou lier l\u2019autre. <\/p>\n<h4>CONTACTEZ-NOUS<\/h4>\n<p style=\"text-align:justify;\">Allo Site internet est \u00e0 votre disposition pour tous vos commentaires ou suggestions. Vous pouvez nous \u00e9crire en fran\u00e7ais, anglais ou espagnol par courrier \u00e9lectronique \u00e0 : info@allositeinternet.com.<\/p>\n\n\t\t<\/div>\n\t\t\t\t\t<\/div>\n\n\t\n\n<\/div>\n","protected":false},"excerpt":{"rendered":"","protected":false},"author":1,"featured_media":0,"parent":0,"menu_order":0,"comment_status":"closed","ping_status":"closed","template":"page-blank.php","meta":{"footnotes":""},"class_list":["post-446","page","type-page","status-publish","hentry"],"_links":{"self":[{"href":"https:\/\/www.allositeinternet.com\/agence-web\/index.php?rest_route=\/wp\/v2\/pages\/446","targetHints":{"allow":["GET"]}}],"collection":[{"href":"https:\/\/www.allositeinternet.com\/agence-web\/index.php?rest_route=\/wp\/v2\/pages"}],"about":[{"href":"https:\/\/www.allositeinternet.com\/agence-web\/index.php?rest_route=\/wp\/v2\/types\/page"}],"author":[{"embeddable":true,"href":"https:\/\/www.allositeinternet.com\/agence-web\/index.php?rest_route=\/wp\/v2\/users\/1"}],"replies":[{"embeddable":true,"href":"https:\/\/www.allositeinternet.com\/agence-web\/index.php?rest_route=%2Fwp%2Fv2%2Fcomments&post=446"}],"version-history":[{"count":5,"href":"https:\/\/www.allositeinternet.com\/agence-web\/index.php?rest_route=\/wp\/v2\/pages\/446\/revisions"}],"predecessor-version":[{"id":685,"href":"https:\/\/www.allositeinternet.com\/agence-web\/index.php?rest_route=\/wp\/v2\/pages\/446\/revisions\/685"}],"wp:attachment":[{"href":"https:\/\/www.allositeinternet.com\/agence-web\/index.php?rest_route=%2Fwp%2Fv2%2Fmedia&parent=446"}],"curies":[{"name":"wp","href":"https:\/\/api.w.org\/{rel}","templated":true}]}}