{"id":579,"date":"2020-08-02T21:01:25","date_gmt":"2020-08-02T21:01:25","guid":{"rendered":"http:\/\/www.allositeinternet.com\/agence-web\/?page_id=579"},"modified":"2025-03-01T15:41:37","modified_gmt":"2025-03-01T15:41:37","slug":"design","status":"publish","type":"page","link":"https:\/\/www.allositeinternet.com\/agence-web\/?page_id=579","title":{"rendered":"Design"},"content":{"rendered":"\n  <div id=\"page-header-385337619\" class=\"page-header-wrapper\">\n  <div class=\"page-title dark featured-title\">\n\n        <div class=\"page-title-bg\">\n      <div class=\"title-bg fill bg-fill\"\n        data-parallax-container=\".page-title\"\n        data-parallax-background\n        data-parallax=\"-\">\n      <\/div>\n      <div class=\"title-overlay fill\"><\/div>\n    <\/div>\n    \n    <div class=\"page-title-inner container align-center text-center flex-row-col medium-flex-wrap\" >\n              <div class=\"title-wrapper uppercase flex-col\">\n          <h1 class=\"entry-title mb-0\">\n            Design          <\/h1>\n        <\/div>\n                    <div class=\"title-content flex-col\">\n        <div class=\"title-share pt-half pb-half\"><div class=\"social-icons share-icons share-row relative\" ><a href=\"whatsapp:\/\/send?text=Design - https:\/\/www.allositeinternet.com\/agence-web\/?page_id=579\" data-action=\"share\/whatsapp\/share\" class=\"icon button circle is-outline tooltip whatsapp show-for-medium\" title=\"Share on WhatsApp\" aria-label=\"Share on WhatsApp\"><i class=\"icon-whatsapp\"><\/i><\/a><a href=\"https:\/\/www.facebook.com\/sharer.php?u=https:\/\/www.allositeinternet.com\/agence-web\/?page_id=579\" data-label=\"Facebook\" onclick=\"window.open(this.href,this.title,'width=500,height=500,top=300px,left=300px');  return false;\" rel=\"noopener noreferrer nofollow\" target=\"_blank\" class=\"icon button circle is-outline tooltip facebook\" title=\"Partager sur Facebook\" aria-label=\"Partager sur Facebook\"><i class=\"icon-facebook\" ><\/i><\/a><a href=\"https:\/\/twitter.com\/share?url=https:\/\/www.allositeinternet.com\/agence-web\/?page_id=579\" onclick=\"window.open(this.href,this.title,'width=500,height=500,top=300px,left=300px');  return false;\" rel=\"noopener noreferrer nofollow\" target=\"_blank\" class=\"icon button circle is-outline tooltip twitter\" title=\"Partager sur Twitter\" aria-label=\"Partager sur Twitter\"><i class=\"icon-twitter\" ><\/i><\/a><a href=\"mailto:enteryour@addresshere.com?subject=Design&amp;body=Check%20this%20out:%20https:\/\/www.allositeinternet.com\/agence-web\/?page_id=579\" rel=\"nofollow\" class=\"icon button circle is-outline tooltip email\" title=\"Envoyer par mail\" aria-label=\"Envoyer par mail\"><i class=\"icon-envelop\" ><\/i><\/a><a href=\"https:\/\/pinterest.com\/pin\/create\/button\/?url=https:\/\/www.allositeinternet.com\/agence-web\/?page_id=579&amp;media=&amp;description=Design\" onclick=\"window.open(this.href,this.title,'width=500,height=500,top=300px,left=300px');  return false;\" rel=\"noopener noreferrer nofollow\" target=\"_blank\" class=\"icon button circle is-outline tooltip pinterest\" title=\"Epingler sur Pinterest\" aria-label=\"Epingler sur Pinterest\"><i class=\"icon-pinterest\" ><\/i><\/a><a href=\"https:\/\/www.linkedin.com\/shareArticle?mini=true&url=https:\/\/www.allositeinternet.com\/agence-web\/?page_id=579&title=Design\" onclick=\"window.open(this.href,this.title,'width=500,height=500,top=300px,left=300px');  return false;\"  rel=\"noopener noreferrer nofollow\" target=\"_blank\" class=\"icon button circle is-outline tooltip linkedin\" title=\"Share on LinkedIn\" aria-label=\"Share on LinkedIn\"><i class=\"icon-linkedin\" ><\/i><\/a><\/div><\/div>      <\/div>\n    <\/div>\n\n     \n<style>\n#page-header-385337619 {\n  margin-bottom: 0px;\n}\n#page-header-385337619 .title-bg {\n  background-image: url(https:\/\/www.allositeinternet.com\/agence-web\/wp-content\/uploads\/2020\/08\/devis-site-web-en-ligne.jpg);\n}\n<\/style>\n  <\/div>\n    <\/div>\n  \n\n\t<div id=\"gap-1336468526\" class=\"gap-element clearfix\" style=\"display:block; height:auto;\">\n\t\t\n<style>\n#gap-1336468526 {\n  padding-top: 45px;\n}\n<\/style>\n\t<\/div>\n\t\n\n            <div class=\"row\"><div class=\"large-12 col\">\n          <div style=\"background-color:#FFF;\" class=\"slider flipContainer slider-nav-circle slide box-shadow-2\"\n            data-flickity-options='{\n              \"cellAlign\": \"center\",\n              \"wrapAround\": true,\n              \"percentPosition\": true,\n              \"imagesLoaded\": true,\n              \"pageDots\": true,\n              \"contain\": true\n          }'>\n                        <div class=\"slide\" style=\"background-color:#FFF;\">  <div class=\"row row-collapse align-middle flip-slide\" style=\"width:100%\">\n        <div class=\"large-6 col flip-page-one\">\n        <div class=\"featured-product col-inner\">\n          <a href=\"https:\/\/www.allositeinternet.com\/agence-web\/?product=creation-de-logo\">\n                <div class=\"product-image relative\">\n                   <div class=\"front-image\">\n                    <img loading=\"lazy\" decoding=\"async\" width=\"500\" height=\"500\" src=\"https:\/\/www.allositeinternet.com\/agence-web\/wp-content\/uploads\/2020\/07\/creation-logo-site-internet.jpg\" class=\"attachment-woocommerce_single size-woocommerce_single wp-post-image\" alt=\"\" srcset=\"https:\/\/www.allositeinternet.com\/agence-web\/wp-content\/uploads\/2020\/07\/creation-logo-site-internet.jpg 500w, https:\/\/www.allositeinternet.com\/agence-web\/wp-content\/uploads\/2020\/07\/creation-logo-site-internet-100x100.jpg 100w, https:\/\/www.allositeinternet.com\/agence-web\/wp-content\/uploads\/2020\/07\/creation-logo-site-internet-450x450.jpg 450w, https:\/\/www.allositeinternet.com\/agence-web\/wp-content\/uploads\/2020\/07\/creation-logo-site-internet-400x400.jpg 400w, https:\/\/www.allositeinternet.com\/agence-web\/wp-content\/uploads\/2020\/07\/creation-logo-site-internet-280x280.jpg 280w\" sizes=\"auto, (max-width: 500px) 100vw, 500px\" \/>                  <\/div>\n                  \n<div class=\"badge-container absolute left top z-1\">\n\t\t\n<\/div>\n                <\/div>\n          <\/a>\n        <\/div>\n        <\/div>\n       <div class=\"large-6 col flip-page-two\">\n        <div class=\"product-info col-inner inner-padding\">\n              <h1 class=\"entry-title\"><a href=\"https:\/\/www.allositeinternet.com\/agence-web\/?product=creation-de-logo\">Cr\u00e9ation de logo<\/a><\/h1>\n              <div class=\"is-divider medium\"><\/div>\n              <div class=\"price-wrapper\">\n\t<p class=\"price product-page-price price-on-sale\">\n  <del> <span class=\"screen-reader-text\">Le prix initial \u00e9tait\u00a0: 99,00&euro;.<\/span><ins aria-hidden=\"true\"><span class=\"woocommerce-Price-amount amount\"><bdi>79,00<span class=\"woocommerce-Price-currencySymbol\">&euro;<\/span><\/bdi><\/span><\/ins><span class=\"screen-reader-text\">Le prix actuel est\u00a0: 79,00&euro;.<\/span><\/del>&nbsp;<ins><span class=\"woocommerce-Price-amount amount\"><bdi>67,15<span class=\"woocommerce-Price-currencySymbol\">&euro;<\/span><\/bdi><\/span><\/ins><\/p>\n<\/div>\n<div class=\"product-short-description\">\n\t<p>Ce prix correspond au design d\u2019un logo. Nous r\u00e9alisons pour vous cinq propositions de logo en fonction de vos pr\u00e9f\u00e9rences, du nom de votre entreprise et de votre activit\u00e9.<\/p>\n<\/div>\n<div class=\"product_meta\">\n\n\t\n\t\n\t<span class=\"posted_in\">Cat\u00e9gorie\u00a0: <a href=\"https:\/\/www.allositeinternet.com\/agence-web\/?product_cat=design\" rel=\"tag\">Design<\/a><\/span>\n\t\n\t\n<\/div>\n              <a href=\"https:\/\/www.allositeinternet.com\/agence-web\/?product=creation-de-logo\" class=\"button\">Lire la suite<\/a>\n         <\/div>\n        <\/div>\n<\/div>\n<\/div>\n                    <\/div>\n          <\/div><\/div>\n          \n\n\t<div id=\"gap-1879330629\" class=\"gap-element clearfix\" style=\"display:block; height:auto;\">\n\t\t\n<style>\n#gap-1879330629 {\n  padding-top: 45px;\n}\n<\/style>\n\t<\/div>\n\t\n\n            <div class=\"row\"><div class=\"large-12 col\">\n          <div style=\"background-color:#FFF;\" class=\"slider flipContainer slider-nav-circle slide box-shadow-2\"\n            data-flickity-options='{\n              \"cellAlign\": \"center\",\n              \"wrapAround\": true,\n              \"percentPosition\": true,\n              \"imagesLoaded\": true,\n              \"pageDots\": true,\n              \"contain\": true\n          }'>\n                        <div class=\"slide\" style=\"background-color:#FFF;\">  <div class=\"row row-collapse align-middle flip-slide\" style=\"width:100%\">\n        <div class=\"large-6 col flip-page-one\">\n        <div class=\"featured-product col-inner\">\n          <a href=\"https:\/\/www.allositeinternet.com\/agence-web\/?product=creation-de-bandeaux-web\">\n                <div class=\"product-image relative\">\n                   <div class=\"front-image\">\n                    <img loading=\"lazy\" decoding=\"async\" width=\"500\" height=\"500\" src=\"https:\/\/www.allositeinternet.com\/agence-web\/wp-content\/uploads\/2020\/07\/creation-bandeaux-site-internet-design.jpg\" class=\"attachment-woocommerce_single size-woocommerce_single wp-post-image\" alt=\"\" srcset=\"https:\/\/www.allositeinternet.com\/agence-web\/wp-content\/uploads\/2020\/07\/creation-bandeaux-site-internet-design.jpg 500w, https:\/\/www.allositeinternet.com\/agence-web\/wp-content\/uploads\/2020\/07\/creation-bandeaux-site-internet-design-100x100.jpg 100w, https:\/\/www.allositeinternet.com\/agence-web\/wp-content\/uploads\/2020\/07\/creation-bandeaux-site-internet-design-450x450.jpg 450w, https:\/\/www.allositeinternet.com\/agence-web\/wp-content\/uploads\/2020\/07\/creation-bandeaux-site-internet-design-400x400.jpg 400w, https:\/\/www.allositeinternet.com\/agence-web\/wp-content\/uploads\/2020\/07\/creation-bandeaux-site-internet-design-280x280.jpg 280w\" sizes=\"auto, (max-width: 500px) 100vw, 500px\" \/>                  <\/div>\n                  \n<div class=\"badge-container absolute left top z-1\">\n\t\t\n<\/div>\n                <\/div>\n          <\/a>\n        <\/div>\n        <\/div>\n       <div class=\"large-6 col flip-page-two\">\n        <div class=\"product-info col-inner inner-padding\">\n              <h1 class=\"entry-title\"><a href=\"https:\/\/www.allositeinternet.com\/agence-web\/?product=creation-de-bandeaux-web\">Cr\u00e9ation de bandeaux Web<\/a><\/h1>\n              <div class=\"is-divider medium\"><\/div>\n              <div class=\"price-wrapper\">\n\t<p class=\"price product-page-price price-on-sale\">\n  <del> <span class=\"screen-reader-text\">Le prix initial \u00e9tait\u00a0: 139,00&euro;.<\/span><ins aria-hidden=\"true\"><span class=\"woocommerce-Price-amount amount\"><bdi>99,00<span class=\"woocommerce-Price-currencySymbol\">&euro;<\/span><\/bdi><\/span><\/ins><span class=\"screen-reader-text\">Le prix actuel est\u00a0: 99,00&euro;.<\/span><\/del>&nbsp;<ins><span class=\"woocommerce-Price-amount amount\"><bdi>84,15<span class=\"woocommerce-Price-currencySymbol\">&euro;<\/span><\/bdi><\/span><\/ins><\/p>\n<\/div>\n<div class=\"product-short-description\">\n\t<p>Ce prix correspond au design d\u2019un bandeau avec plusieurs mod\u00e8les en fonction du placement sur le site. Nous offrons des tarifs d\u00e9gressifs tr\u00e8s int\u00e9ressants.<\/p>\n<\/div>\n<div class=\"product_meta\">\n\n\t\n\t\n\t<span class=\"posted_in\">Cat\u00e9gorie\u00a0: <a href=\"https:\/\/www.allositeinternet.com\/agence-web\/?product_cat=design\" rel=\"tag\">Design<\/a><\/span>\n\t\n\t\n<\/div>\n              <a href=\"https:\/\/www.allositeinternet.com\/agence-web\/?product=creation-de-bandeaux-web\" class=\"button\">Lire la suite<\/a>\n         <\/div>\n        <\/div>\n<\/div>\n<\/div>\n                    <\/div>\n          <\/div><\/div>\n          \n\n\t<div id=\"gap-335665459\" class=\"gap-element clearfix\" style=\"display:block; height:auto;\">\n\t\t\n<style>\n#gap-335665459 {\n  padding-top: 45px;\n}\n<\/style>\n\t<\/div>\n\t\n\n            <div class=\"row\"><div class=\"large-12 col\">\n          <div style=\"background-color:#FFF;\" class=\"slider flipContainer slider-nav-circle slide box-shadow-2\"\n            data-flickity-options='{\n              \"cellAlign\": \"center\",\n              \"wrapAround\": true,\n              \"percentPosition\": true,\n              \"imagesLoaded\": true,\n              \"pageDots\": true,\n              \"contain\": true\n          }'>\n                        <div class=\"slide\" style=\"background-color:#FFF;\">  <div class=\"row row-collapse align-middle flip-slide\" style=\"width:100%\">\n        <div class=\"large-6 col flip-page-one\">\n        <div class=\"featured-product col-inner\">\n          <a href=\"https:\/\/www.allositeinternet.com\/agence-web\/?product=photographies-de-produits-ou-decors\">\n                <div class=\"product-image relative\">\n                   <div class=\"front-image\">\n                    <img loading=\"lazy\" decoding=\"async\" width=\"500\" height=\"500\" src=\"https:\/\/www.allositeinternet.com\/agence-web\/wp-content\/uploads\/2020\/07\/photographies-produits-decors-site-internet.jpg\" class=\"attachment-woocommerce_single size-woocommerce_single wp-post-image\" alt=\"\" srcset=\"https:\/\/www.allositeinternet.com\/agence-web\/wp-content\/uploads\/2020\/07\/photographies-produits-decors-site-internet.jpg 500w, https:\/\/www.allositeinternet.com\/agence-web\/wp-content\/uploads\/2020\/07\/photographies-produits-decors-site-internet-100x100.jpg 100w, https:\/\/www.allositeinternet.com\/agence-web\/wp-content\/uploads\/2020\/07\/photographies-produits-decors-site-internet-450x450.jpg 450w, https:\/\/www.allositeinternet.com\/agence-web\/wp-content\/uploads\/2020\/07\/photographies-produits-decors-site-internet-400x400.jpg 400w, https:\/\/www.allositeinternet.com\/agence-web\/wp-content\/uploads\/2020\/07\/photographies-produits-decors-site-internet-280x280.jpg 280w\" sizes=\"auto, (max-width: 500px) 100vw, 500px\" \/>                  <\/div>\n                  \n<div class=\"badge-container absolute left top z-1\">\n\t\t\n<\/div>\n                <\/div>\n          <\/a>\n        <\/div>\n        <\/div>\n       <div class=\"large-6 col flip-page-two\">\n        <div class=\"product-info col-inner inner-padding\">\n              <h1 class=\"entry-title\"><a href=\"https:\/\/www.allositeinternet.com\/agence-web\/?product=photographies-de-produits-ou-decors\">Photographies de produits ou d\u00e9cors<\/a><\/h1>\n              <div class=\"is-divider medium\"><\/div>\n              <div class=\"price-wrapper\">\n\t<p class=\"price product-page-price price-on-sale\">\n  <del> <span class=\"screen-reader-text\">Le prix initial \u00e9tait\u00a0: 199,00&euro;.<\/span><ins aria-hidden=\"true\"><span class=\"woocommerce-Price-amount amount\"><bdi>99,00<span class=\"woocommerce-Price-currencySymbol\">&euro;<\/span><\/bdi><\/span><\/ins><span class=\"screen-reader-text\">Le prix actuel est\u00a0: 99,00&euro;.<\/span><\/del>&nbsp;<ins><span class=\"woocommerce-Price-amount amount\"><bdi>84,15<span class=\"woocommerce-Price-currencySymbol\">&euro;<\/span><\/bdi><\/span><\/ins><\/p>\n<\/div>\n<div class=\"product-short-description\">\n\t<p>Le prix comprend 10 photographies hors frais de d\u00e9placement. Nous proposons des tarifs d\u00e9gressifs tr\u00e8s int\u00e9ressant en fonction du nombre de photographies.<\/p>\n<\/div>\n<div class=\"product_meta\">\n\n\t\n\t\n\t<span class=\"posted_in\">Cat\u00e9gorie\u00a0: <a href=\"https:\/\/www.allositeinternet.com\/agence-web\/?product_cat=photographie\" rel=\"tag\">Photographie<\/a><\/span>\n\t\n\t\n<\/div>\n              <a href=\"https:\/\/www.allositeinternet.com\/agence-web\/?product=photographies-de-produits-ou-decors\" class=\"button\">Lire la suite<\/a>\n         <\/div>\n        <\/div>\n<\/div>\n<\/div>\n                    <\/div>\n          <\/div><\/div>\n          \n\n\t<div id=\"gap-220331765\" class=\"gap-element clearfix\" style=\"display:block; height:auto;\">\n\t\t\n<style>\n#gap-220331765 {\n  padding-top: 57px;\n}\n<\/style>\n\t<\/div>\n\t\n\n\t<section class=\"section has-mask mask-arrow\" id=\"section_1626339964\">\n\t\t<div class=\"bg section-bg fill bg-fill  bg-loaded\" >\n\n\t\t\t\n\t\t\t\n\t\t\t\n\n\t\t<\/div>\n\n\t\t<div class=\"section-content relative\">\n\t\t\t\n\n\n  <div class=\"banner has-hover\" id=\"banner-1044526744\">\n          <div class=\"banner-inner fill\">\n        <div class=\"banner-bg fill\" >\n            <div class=\"bg fill bg-fill \"><\/div>\n                                    \n                    <\/div>\n        <div class=\"banner-layers container\">\n            <div class=\"fill banner-link\"><\/div>            \n\n   <div id=\"text-box-1788971955\" class=\"text-box banner-layer x50 md-x50 lg-x50 y50 md-y50 lg-y50 res-text\">\n                     <div data-animate=\"fadeInDown\">           <div class=\"text-box-content text text-shadow-3\">\n              \n\t<div class=\"is-border\"\n\t\tstyle=\"border-color:rgb(0, 0, 0);border-width:0px 0px 0px 0px;\">\n\t<\/div>\n              <div class=\"text-inner text-center\">\n                  \n\n<h3 class=\"uppercase\"><strong>Une <span style=\"color:#c2892b;\">Agence Web<\/span> pour r\u00e9pondre \u00e0 tous vos besoins.<\/strong><\/h3>\n<\/p>\n<p style=\"font-size:130%;\">Quel que soient la nature (refonte de site existant ou nouveau site) et la taille de votre projet Web, nous sommes disponibles pour vous proposer des solutions qui correspondent \u00e0 vos besoins, dans le respect de votre budget. Nous \u00e9tablissons un devis gratuit sans engagement, et dans certains cas, nous pouvons m\u00eame r\u00e9aliser un mod\u00e8le personnalis\u00e9 avant que vous vous engagiez d\u00e9finitivement.<\/p>\n<p style=\"font-size:130%;\">Nous pouvons cr\u00e9er et g\u00e9rer des sites internet de qualit\u00e9 sans limitation de pages et garantir leur bon fonctionnement. Nous travaillons avec des fournisseurs fiables internationaux et locaux avec pour objectif le meilleur rapport qualit\u00e9\/prix et la satisfaction de nos clients.<\/p>\n<p style=\"font-size:130%;\">Nous pouvons intervenir et vous proposer les meilleures solutions technologiques pour tous les produits et services relatifs au Site Internet. Le devis est gratuit et sans engagement.<\/p>\n\n\n\n              <\/div>\n           <\/div>\n       <\/div>                     \n<style>\n#text-box-1788971955 {\n  margin: 0px 0px 0px 0px;\n  width: 100%;\n}\n#text-box-1788971955 .text-inner {\n  padding: 0px 10px 0px 10px;\n}\n#text-box-1788971955 .text-box-content {\n  font-size: 100%;\n}\n@media (min-width:850px) {\n  #text-box-1788971955 .text-inner {\n    padding: 10px 0px 10px 0px;\n  }\n  #text-box-1788971955 {\n    width: 98%;\n  }\n}\n<\/style>\n    <\/div>\n \n\n        <\/div>\n      <\/div>\n\n            \n<style>\n#banner-1044526744 {\n  padding-top: 100%;\n  background-color: rgb(255, 255, 255);\n}\n@media (min-width:550px) {\n  #banner-1044526744 {\n    padding-top: 99.99%;\n  }\n}\n@media (min-width:850px) {\n  #banner-1044526744 {\n    padding-top: 500px;\n  }\n}\n<\/style>\n  <\/div>\n\n\n\n\t\t<\/div>\n\n\t\t\n<style>\n#section_1626339964 {\n  padding-top: 45px;\n  padding-bottom: 45px;\n  background-color: rgb(0,0,0);\n}\n<\/style>\n\t<\/section>\n\t\n\t<section class=\"section\" id=\"section_2118007523\">\n\t\t<div class=\"bg section-bg fill bg-fill  bg-loaded\" >\n\n\t\t\t\n\t\t\t\n\t\t\t\n\n\t\t<\/div>\n\n\t\t<div class=\"section-content relative\">\n\t\t\t\n\n\n\t<script type=\"text\/javascript\">\n  jQuery( document ).ready(function() {\n    function initialize() {\n        var styles = {\n            'flatsome':  [{\n            \"featureType\": \"administrative\",\n            \"stylers\": [\n              { \"visibility\": \"on\" }\n            ]\n          },\n          {\n            \"featureType\": \"road\",\n            \"stylers\": [\n              { \"visibility\": \"on\" },\n              { \"hue\": \"\" }\n            ]\n          },\n          {\n            \"stylers\": [\n\t\t\t  { \"visibility\": \"on\" },\n\t\t\t  { \"hue\": \"\" },\n\t\t\t  { \"saturation\": 3 }\n            ]\n          }\n        ]};\n\n        var myLatlng = new google.maps.LatLng(45.5667, 5.9833);\n        var myOptions = {\n            zoom: 3,\n            center: myLatlng,\n            mapTypeId: google.maps.MapTypeId.ROADMAP,\n            disableDefaultUI: true,\n            mapTypeId: 'flatsome',\n            draggable: true,\n            zoomControl: true,\n            zoomControlOptions: {\n              position: google.maps.ControlPosition.TOP_LEFT\n            },\n      \t\t\t\/\/ panControl: true,\n            \/\/ panControlOptions: {\n            \/\/   position: google.maps.ControlPosition.TOP_LEFT\n            \/\/ },\n      \t\t\tmapTypeControl: true,\n            mapTypeControlOptions: {\n              position: google.maps.ControlPosition.TOP_LEFT\n            },\n      \t\t\t\/\/ scaleControl: true,\n            \/\/ scaleControlOptions: {\n            \/\/   position: google.maps.ControlPosition.TOP_LEFT\n            \/\/ },\n      \t\t\tstreetViewControl: true,\n            streetViewControlOptions: {\n              position: google.maps.ControlPosition.TOP_LEFT\n            },\n      \t\t\t\/\/ overviewMapControl: true,\n            \/\/ overviewMapControlOptions: {\n            \/\/   position: google.maps.ControlPosition.TOP_LEFT\n            \/\/ },\n            scrollwheel: false,\n            disableDoubleClickZoom: true\n        }\n        var map = new google.maps.Map(document.getElementById(\"map-1721691270-inner\"), myOptions);\n        var styledMapType = new google.maps.StyledMapType(styles['flatsome'], {name: 'flatsome'});\n        map.mapTypes.set('flatsome', styledMapType);\n\n        var marker = new google.maps.Marker({\n            position: myLatlng,\n            map: map,\n            title:\"\"\n        });\n    }\n\n    \/\/ Required to proceed\n    if (!(typeof google === 'object' && typeof google.maps === 'object')) {\n      return\n    }\n\n    initialize()\n    google.maps.event.addDomListener(window, 'resize', initialize);\n    });\n    <\/script>\n\n    <div class=\"google-map relative mb\" id=\"map-1721691270\">\n        <div class=\"map-height\" id=\"map-1721691270-inner\"><\/div>\n        <div id=\"map_overlay_top\"><\/div>\n        <div id=\"map_overlay_bottom\"><\/div>\n         \n       \n<style>\n#map-1721691270 .map-inner {\n  background-color: #fff;\n  max-width: 100%;\n}\n#map-1721691270 .map-height {\n  height: 400px;\n}\n@media (min-width:550px) {\n  #map-1721691270 .map-inner {\n    max-width: 40%;\n  }\n}\n@media (min-width:850px) {\n  #map-1721691270 .map-inner {\n    max-width: 7%;\n  }\n}\n<\/style>\n    <\/div>\n\n\t\n\n\t\t<\/div>\n\n\t\t\n<style>\n#section_2118007523 {\n  padding-top: 0px;\n  padding-bottom: 0px;\n  background-color: rgb(0,0,0);\n}\n<\/style>\n\t<\/section>\n\t\n","protected":false},"excerpt":{"rendered":"","protected":false},"author":1,"featured_media":0,"parent":0,"menu_order":0,"comment_status":"closed","ping_status":"closed","template":"page-blank.php","meta":{"footnotes":""},"class_list":["post-579","page","type-page","status-publish","hentry"],"_links":{"self":[{"href":"https:\/\/www.allositeinternet.com\/agence-web\/index.php?rest_route=\/wp\/v2\/pages\/579","targetHints":{"allow":["GET"]}}],"collection":[{"href":"https:\/\/www.allositeinternet.com\/agence-web\/index.php?rest_route=\/wp\/v2\/pages"}],"about":[{"href":"https:\/\/www.allositeinternet.com\/agence-web\/index.php?rest_route=\/wp\/v2\/types\/page"}],"author":[{"embeddable":true,"href":"https:\/\/www.allositeinternet.com\/agence-web\/index.php?rest_route=\/wp\/v2\/users\/1"}],"replies":[{"embeddable":true,"href":"https:\/\/www.allositeinternet.com\/agence-web\/index.php?rest_route=%2Fwp%2Fv2%2Fcomments&post=579"}],"version-history":[{"count":4,"href":"https:\/\/www.allositeinternet.com\/agence-web\/index.php?rest_route=\/wp\/v2\/pages\/579\/revisions"}],"predecessor-version":[{"id":755,"href":"https:\/\/www.allositeinternet.com\/agence-web\/index.php?rest_route=\/wp\/v2\/pages\/579\/revisions\/755"}],"wp:attachment":[{"href":"https:\/\/www.allositeinternet.com\/agence-web\/index.php?rest_route=%2Fwp%2Fv2%2Fmedia&parent=579"}],"curies":[{"name":"wp","href":"https:\/\/api.w.org\/{rel}","templated":true}]}}